{"id":800,"date":"2025-11-26T06:23:52","date_gmt":"2025-11-26T05:23:52","guid":{"rendered":"https:\/\/bellarena.ch\/live-sessions\/"},"modified":"2025-12-03T03:52:11","modified_gmt":"2025-12-03T02:52:11","slug":"live-sessions","status":"publish","type":"page","link":"https:\/\/bellarena.ch\/de\/live-sessions\/","title":{"rendered":"Live Sessions"},"content":{"rendered":"\n\n\n\n<style>\n\/* Hauteur personnalis\u00e9e pour pages int\u00e9rieures *\/\n#arc-hero-69d4e5ddcca89.hero-interior {\n    height: 800px;\n}\n\n#arc-hero-69d4e5ddcca89.hero-interior .hero-image,\n#arc-hero-69d4e5ddcca89.hero-interior .hero-video-wrapper {\n    height: 100%;\n}\n\n\/* Home page avec VID\u00c9O : forcer 100vh *\/\n\n\/* Overlay personnalis\u00e9 *\/\n\n\/* Couleur du texte *\/\n#arc-hero-69d4e5ddcca89 .hero-title,\n#arc-hero-69d4e5ddcca89 .hero-subtitle {\n    color: #ffffff;\n}\n<\/style>\n\n<div id=\"arc-hero-69d4e5ddcca89\" class=\"ed-hero-header hero-width-full hero-interior hero-align-center hero-valign-bottom hero-media-image header-live-session\">\n    \n            <!-- MODE IMAGE -->\n                    <picture class=\"hero-picture\">\n                <source media=\"(max-width: 767px)\" srcset=\"https:\/\/bellarena.ch\/wp-content\/uploads\/2025\/12\/live-session-mobile-bellarena-home.jpg\">\n                <img decoding=\"async\" src=\"https:\/\/bellarena.ch\/wp-content\/uploads\/2025\/12\/live-session-bellarena.jpg\" \n                     alt=\"Hero image\"\n                     class=\"hero-image\">\n            <\/picture>\n            \n\n\n\n\n\n\n\n\n    \n        \n            <div class=\"hero-content\">\n            <div class=\"hero-text\">\n                                \n                                    <h2 class=\"hero-subtitle\">Bellarena Live Session und La T\u00e9l\u00e9 bringen Schweizer Talente mit einzigartigen Konzertaufzeichnungen ins Rampenlicht.<\/h2>\n                            <\/div>\n        <\/div>\n    <\/div>\n<div style=\"height:100px\" aria-hidden=\"true\" class=\"wp-block-spacer\"><\/div>\n\n<div class=\"wp-block-group is-style-full-contained has-background is-layout-constrained wp-block-group-is-layout-constrained\" style=\"background-color:#00b2c4\">\n<div style=\"height:50px\" aria-hidden=\"true\" class=\"wp-block-spacer\"><\/div>\n\n\n\n<h2 class=\"wp-block-heading has-text-align-center\"><strong>Ein neues Datum f\u00fcr die Live Session wird in K\u00fcrze bekanntgegeben.<\/strong><\/h2>\n\n\n\n<h3 class=\"wp-block-heading has-text-align-center\"><strong>Melde dich jetzt f\u00fcr unseren Newsletter an, um fr\u00fchzeitig informiert zu werden und nichts zu verpassen!<\/strong><\/h3>\n\n\n\n<div style=\"height:50px\" aria-hidden=\"true\" class=\"wp-block-spacer\"><\/div>\n<\/div>\n\n<div class=\"wp-block-group footer-newsletter is-style-full-contained has-blanc-background-color has-background is-layout-constrained wp-block-group-is-layout-constrained\">\n<div style=\"height:30px\" aria-hidden=\"true\" class=\"wp-block-spacer\"><\/div>\n\n\n\n<h2 class=\"wp-block-heading has-text-align-center has-noir-color has-text-color has-link-color wp-elements-bb13e7ad6974d01298888925c6a111c9\" style=\"font-style:normal;font-weight:800\">Um nichts zu verpassen<\/h2>\n\n\n\n<p class=\"has-text-align-center has-noir-color has-text-color has-link-color wp-elements-36a13a5f3a7cb6a67a07634a2f481f19\">Melde dich jetzt an und bleib mitten im Geschehen!<\/p>\n\n\n\n<div class=\"wp-block-group footer-form is-content-justification-center is-nowrap is-layout-flex wp-container-core-group-is-layout-94bc23d7 wp-block-group-is-layout-flex\">\n<div class=\"wp-block-columns are-vertically-aligned-center is-layout-flex wp-container-core-columns-is-layout-9d6595d7 wp-block-columns-is-layout-flex\">\n<div class=\"wp-block-column is-vertically-aligned-center is-layout-flow wp-block-column-is-layout-flow\" style=\"flex-basis:100%\">\n\t\t\t<form id=\"sib_signup_form_1\" method=\"post\" class=\"sib_signup_form\">\n\t\t\t\t<div class=\"sib_loader\" style=\"display:none;\"><img\n\t\t\t\t\t\t\tsrc=\"https:\/\/bellarena.ch\/wp-includes\/images\/spinner.gif\" alt=\"loader\"><\/div>\n\t\t\t\t<input type=\"hidden\" name=\"sib_form_action\" value=\"subscribe_form_submit\">\n\t\t\t\t<input type=\"hidden\" name=\"sib_form_id\" value=\"1\">\n                <input type=\"hidden\" name=\"sib_form_alert_notice\" value=\"Remplissez ce champ s\u2019il vous pla\u00eet\">\n                <input type=\"hidden\" name=\"sib_form_invalid_email_notice\" value=\"Cette adresse email n&#039;est pas valide\">\n                <input type=\"hidden\" name=\"sib_security\" value=\"4212e55cb5\">\n\t\t\t\t<div class=\"sib_signup_box_inside_1\">\n\t\t\t\t\t<div style=\"\/*display:none*\/\" class=\"sib_msg_disp\">\n\t\t\t\t\t<\/div>\n                    \t\t\t\t\t<p class=\"sib-email-area\" style=\"display: flex;gap: 10px\">\r\n    <input type=\"email\" class=\"sib-email-area\" name=\"email\" placeholder=\"Email\" required=\"required\">\r\n    <button type=\"submit\" class=\"sib-default-btn\" style=\"margin: 0;background-color: #000;border: 1px solid #fff\">\r\n        <img loading=\"lazy\" decoding=\"async\" src=\"https:\/\/bellarena.ch\/wp-content\/uploads\/2025\/12\/sent-white.svg\" alt=\"Envoyer\" width=\"20\" height=\"20\">\r\n    <\/button>\r\n<\/p>\t\t\t\t<\/div>\n\t\t\t<\/form>\n\t\t\t<style>\n\t\t\t\tform#sib_signup_form_1 p.sib-alert-message {\n    padding: 6px 12px;\n    margin-bottom: 20px;\n    border: 1px solid transparent;\n    border-radius: 4px;\n    -webkit-box-sizing: border-box;\n    -moz-box-sizing: border-box;\n    box-sizing: border-box;\n}\nform#sib_signup_form_1 p.sib-alert-message-error {\n    background-color: #f2dede;\n    border-color: #ebccd1;\n    color: #a94442;\n}\nform#sib_signup_form_1 p.sib-alert-message-success {\n    background-color: #dff0d8;\n    border-color: #d6e9c6;\n    color: #3c763d;\n}\nform#sib_signup_form_1 p.sib-alert-message-warning {\n    background-color: #fcf8e3;\n    border-color: #faebcc;\n    color: #8a6d3b;\n}\n\t\t\t<\/style>\n\t\t\t\n<\/div>\n<\/div>\n<\/div>\n<\/div>\n\n<div class=\"wp-block-group footer-spacer is-layout-constrained wp-block-group-is-layout-constrained\">\n<div style=\"height:1px\" aria-hidden=\"true\" class=\"wp-block-spacer\"><\/div>\n<\/div>\n\n<div class=\"wp-block-group footer-info is-style-full-contained has-noir-background-color has-background is-layout-constrained wp-block-group-is-layout-constrained\">\n<div style=\"height:50px\" aria-hidden=\"true\" class=\"wp-block-spacer\"><\/div>\n\n\n\n<div class=\"wp-block-columns footer-grid is-layout-flex wp-container-core-columns-is-layout-9d6595d7 wp-block-columns-is-layout-flex\">\n<div class=\"wp-block-column is-layout-flow wp-block-column-is-layout-flow\">\n<p><strong>Art Music production SA<br\/><\/strong>All\u00e9e Paul Cantonneau 9<br\/>1762 Givisiez (Suisse)<\/p>\n\n\n\n<p><a href=\"tel:+41264652828\">+41 26 465 28 28<\/a>\u00a0<\/p>\n\n\n\n<p><a href=\"mailto:info@bellarena.ch\">info@bellarena.ch<\/a><\/p>\n<\/div>\n\n\n\n<div class=\"wp-block-column is-layout-flow wp-block-column-is-layout-flow\">\n<h3 class=\"wp-block-heading has-blanc-color has-text-color has-link-color wp-elements-d2ff5bd5a0c8af81d8da105bbe363139\">Navigation<\/h3>\n\n\n<nav class=\"has-text-color has-blanc-color  is-vertical no-wrap wp-block-navigation is-nowrap is-layout-flex wp-container-core-navigation-is-layout-947ac36b wp-block-navigation-is-layout-flex\" aria-label=\"Navigation\"><ul class=\"wp-block-navigation__container has-text-color has-blanc-color  is-vertical no-wrap wp-block-navigation\"><li class=\" wp-block-navigation-item wp-block-navigation-link\"><a class=\"wp-block-navigation-item__content\"  href=\"https:\/\/bellarena.ch\/bellarena-fribourg\/\"><span class=\"wp-block-navigation-item__label\">Bellarena | Fribourg<\/span><\/a><\/li><li class=\" wp-block-navigation-item wp-block-navigation-link\"><a class=\"wp-block-navigation-item__content\"  href=\"https:\/\/bellarena.ch\/live-sessions\/\"><span class=\"wp-block-navigation-item__label\">Live Sessions<\/span><\/a><\/li><li class=\" wp-block-navigation-item wp-block-navigation-link\"><a class=\"wp-block-navigation-item__content\"  href=\"https:\/\/bellarena.ch\/bcf-arena\/\"><span class=\"wp-block-navigation-item__label\">BCF Arena<\/span><\/a><\/li><li class=\" wp-block-navigation-item wp-block-navigation-link\"><a class=\"wp-block-navigation-item__content\"  href=\"\/photos-des-editions\/\"><span class=\"wp-block-navigation-item__label\">Photos des \u00e9ditions<\/span><\/a><\/li><\/ul><\/nav><\/div>\n\n\n\n<div class=\"wp-block-column is-layout-flow wp-block-column-is-layout-flow\">\n<h3 class=\"wp-block-heading has-blanc-color has-text-color has-link-color wp-elements-dfa131c7ccb2acf3f93de801f59f7610\">Folge uns!<\/h3>\n\n\n\n<div class=\"wp-block-columns is-not-stacked-on-mobile footer-social-icons is-layout-flex wp-container-core-columns-is-layout-9d6595d7 wp-block-columns-is-layout-flex\">\n<div class=\"wp-block-column is-layout-flow wp-block-column-is-layout-flow\">\n<figure class=\"wp-block-image size-large social-icons\"><a href=\"https:\/\/www.instagram.com\/bellarena_indoor_festival\/\" target=\"_blank\" rel=\" noreferrer noopener\"><img decoding=\"async\" src=\"https:\/\/bellarena.ch\/wp-content\/uploads\/2025\/12\/intagram-footer.svg\" alt=\"\" class=\"wp-image-583\"\/><\/a><\/figure>\n<\/div>\n\n\n\n<div class=\"wp-block-column is-layout-flow wp-block-column-is-layout-flow\">\n<figure class=\"wp-block-image size-large social-icons\"><a href=\"https:\/\/www.tiktok.com\/@bellarena_indoorfestival\" target=\"_blank\" rel=\" noreferrer noopener\"><img decoding=\"async\" src=\"https:\/\/bellarena.ch\/wp-content\/uploads\/2025\/12\/tiktok-footer.svg\" alt=\"\" class=\"wp-image-584\"\/><\/a><\/figure>\n<\/div>\n\n\n\n<div class=\"wp-block-column is-layout-flow wp-block-column-is-layout-flow\">\n<figure class=\"wp-block-image size-large social-icons\"><a href=\"https:\/\/www.facebook.com\/bellarena.indoor.festival\/\" target=\"_blank\" rel=\" noreferrer noopener\"><img decoding=\"async\" src=\"https:\/\/bellarena.ch\/wp-content\/uploads\/2025\/12\/facebook-footer.svg\" alt=\"\" class=\"wp-image-582\"\/><\/a><\/figure>\n<\/div>\n<\/div>\n<\/div>\n<\/div>\n\n\n\n<div style=\"height:100px\" aria-hidden=\"true\" class=\"wp-block-spacer\"><\/div>\n<\/div>\n","protected":false},"excerpt":{"rendered":"<p>Ein neues Datum f\u00fcr die Live Session wird in K\u00fcrze bekanntgegeben. Melde dich jetzt f\u00fcr unseren Newsletter an, um fr\u00fchzeitig informiert zu werden und nichts zu verpassen! Um nichts zu verpassen Melde dich jetzt an und bleib mitten im Geschehen! Art Music production SAAll\u00e9e Paul Cantonneau 91762 Givisiez (Suisse) +41 26 465 28 28\u00a0 info@bellarena.ch &#8230; <a title=\"Live Sessions\" class=\"read-more\" href=\"https:\/\/bellarena.ch\/de\/live-sessions\/\" aria-label=\"Mehr Informationen \u00fcber Live Sessions\">Weiterlesen<\/a><\/p>\n","protected":false},"author":1,"featured_media":0,"parent":0,"menu_order":0,"comment_status":"closed","ping_status":"closed","template":"","meta":{"_acf_changed":false,"inline_featured_image":false,"footnotes":""},"class_list":["post-800","page","type-page","status-publish"],"acf":[],"_links":{"self":[{"href":"https:\/\/bellarena.ch\/de\/wp-json\/wp\/v2\/pages\/800","targetHints":{"allow":["GET"]}}],"collection":[{"href":"https:\/\/bellarena.ch\/de\/wp-json\/wp\/v2\/pages"}],"about":[{"href":"https:\/\/bellarena.ch\/de\/wp-json\/wp\/v2\/types\/page"}],"author":[{"embeddable":true,"href":"https:\/\/bellarena.ch\/de\/wp-json\/wp\/v2\/users\/1"}],"replies":[{"embeddable":true,"href":"https:\/\/bellarena.ch\/de\/wp-json\/wp\/v2\/comments?post=800"}],"version-history":[{"count":5,"href":"https:\/\/bellarena.ch\/de\/wp-json\/wp\/v2\/pages\/800\/revisions"}],"predecessor-version":[{"id":814,"href":"https:\/\/bellarena.ch\/de\/wp-json\/wp\/v2\/pages\/800\/revisions\/814"}],"wp:attachment":[{"href":"https:\/\/bellarena.ch\/de\/wp-json\/wp\/v2\/media?parent=800"}],"curies":[{"name":"wp","href":"https:\/\/api.w.org\/{rel}","templated":true}]}}