{"id":726,"date":"2025-11-26T03:13:30","date_gmt":"2025-11-26T02:13:30","guid":{"rendered":"https:\/\/bellarena.ch\/bellarena-indoor-festival-2\/"},"modified":"2025-12-03T03:59:10","modified_gmt":"2025-12-03T02:59:10","slug":"bellarena-indoor-festival-2","status":"publish","type":"page","link":"https:\/\/bellarena.ch\/de\/bellarena-indoor-festival-2\/","title":{"rendered":"Bellarena Indoor Festival"},"content":{"rendered":"\n<h1 class=\"wp-block-heading\">Bellarena<br\/>Indoor Festival<\/h1>\n\n<div style=\"height:100px\" aria-hidden=\"true\" class=\"wp-block-spacer\"><\/div>\n\n<div class=\"wp-block-group is-content-justification-left is-layout-constrained wp-container-core-group-is-layout-719fd2c2 wp-block-group-is-layout-constrained\">\n<h3 class=\"wp-block-heading\"><p data-start=\"767\" data-end=\"830\"><strong data-start=\"767\" data-end=\"830\">Bellarena Indoor Festival \u2013 Die Show im Herzen von Freiburg<\/strong><\/p><\/h3>\n\n\n\n<p><p data-start=\"832\" data-end=\"1061\">Konzipiert und produziert von Art Music Production SA, revolutioniert das Festival die Freiburger Musikszene mit einem einzigartigen Konzept: Grossartige Shows in einer modernen, komfortablen und gut zug\u00e4nglichen Indoor-Location.<\/p><\/p>\n\n\n\n<p><p data-start=\"1063\" data-end=\"1311\">Dank der bestehenden Infrastruktur der BCF Arena und einer optimierten Organisation setzt das Festival auf einen nachhaltigen und verantwortungsvollen Ansatz, f\u00f6rdert die Nutzung \u00f6ffentlicher Verkehrsmittel und die Wertsch\u00e4tzung lokaler Ressourcen.<\/p><\/p>\n\n\n\n<p><p data-start=\"1313\" data-end=\"1529\">Gesch\u00fctzt vor schlechtem Wetter und in einem vollst\u00e4ndig gesicherten Rahmen garantiert das Bellarena Indoor Festival ein immersives und unvergessliches Erlebnis, bei dem die Musik ihre volle Wirkung entfalten kann.<\/p><\/p>\n<\/div>\n\n<style>\n#ed-slider-animated-69e162d288074 {\n    --speed:60s;--bg-color:rgb(0,0,0);--text-color:#000000;--font-size:24px;--font-weight:700;--margin:50px;--container-width:1400px;--item-height:300px;--item-min-width:200px;--radius:0px;--item-spacing:20px;}\n<\/style>\n\n<div \n    id=\"ed-slider-animated-69e162d288074\" \n    class=\"ed-slider-animated ed-slider-image ed-slider-layout-full align\"\n>\n    <div class=\"slider-animated-track\">\n        <!-- S\u00e9rie 1 : Items originaux -->\n                                    <div class=\"slider-item slider-item-image\">\n                    <img src=\"https:\/\/bellarena.ch\/wp-content\/uploads\/2025\/12\/2024-05-24-IMN-56-scaled-1-scaled.jpg\" \n                         alt=\"\"\n                         loading=\"eager\"\n                         decoding=\"async\">\n                <\/div>\n                                                <div class=\"slider-item slider-item-image\">\n                    <img src=\"https:\/\/bellarena.ch\/wp-content\/uploads\/2025\/12\/2024-05-24-IMN-87-scaled-1-scaled.jpg\" \n                         alt=\"\"\n                         loading=\"eager\"\n                         decoding=\"async\">\n                <\/div>\n                                                <div class=\"slider-item slider-item-image\">\n                    <img src=\"https:\/\/bellarena.ch\/wp-content\/uploads\/2025\/12\/0033_stemutz_photo_bellarena_soiree_francaise_2400px-7I3A6986.jpg\" \n                         alt=\"\"\n                         loading=\"eager\"\n                         decoding=\"async\">\n                <\/div>\n                                                <div class=\"slider-item slider-item-image\">\n                    <img src=\"https:\/\/bellarena.ch\/wp-content\/uploads\/2025\/12\/stemutz_photo_bellarena_events_la_notte_italiana_3600px-026A2657-scaled.jpg\" \n                         alt=\"\"\n                         loading=\"eager\"\n                         decoding=\"async\">\n                <\/div>\n                                                <div class=\"slider-item slider-item-image\">\n                    <img src=\"https:\/\/bellarena.ch\/wp-content\/uploads\/2025\/12\/stemutz_photo_bellarena_events_annees_80_90_3600px-026A0765-scaled.jpg\" \n                         alt=\"\"\n                         loading=\"eager\"\n                         decoding=\"async\">\n                <\/div>\n                                                <div class=\"slider-item slider-item-image\">\n                    <img src=\"https:\/\/bellarena.ch\/wp-content\/uploads\/2025\/12\/stemutz_photo_bellarena_events_gad_elmaleh_high-026A4104-scaled.jpg\" \n                         alt=\"\"\n                         loading=\"eager\"\n                         decoding=\"async\">\n                <\/div>\n                                                <div class=\"slider-item slider-item-image\">\n                    <img src=\"https:\/\/bellarena.ch\/wp-content\/uploads\/2025\/12\/stemutz_photo_bellarena_events_electro_2400px-7I3A2600.jpg\" \n                         alt=\"\"\n                         loading=\"eager\"\n                         decoding=\"async\">\n                <\/div>\n                                                <div class=\"slider-item slider-item-image\">\n                    <img src=\"https:\/\/bellarena.ch\/wp-content\/uploads\/2025\/12\/stemutz_photo_bellarena_events_electro_2400px-7I3A0919.jpg\" \n                         alt=\"\"\n                         loading=\"eager\"\n                         decoding=\"async\">\n                <\/div>\n                                                <div class=\"slider-item slider-item-image\">\n                    <img src=\"https:\/\/bellarena.ch\/wp-content\/uploads\/2025\/12\/stemutz_photo_bellarena_events_annees_80_90_3600px-026A0064-scaled.jpg\" \n                         alt=\"\"\n                         loading=\"eager\"\n                         decoding=\"async\">\n                <\/div>\n                                                <div class=\"slider-item slider-item-image\">\n                    <img src=\"https:\/\/bellarena.ch\/wp-content\/uploads\/2025\/12\/2024-05-24-IMN-84-scaled-1-scaled.jpg\" \n                         alt=\"\"\n                         loading=\"eager\"\n                         decoding=\"async\">\n                <\/div>\n                                                <div class=\"slider-item slider-item-image\">\n                    <img src=\"https:\/\/bellarena.ch\/wp-content\/uploads\/2025\/12\/2024-05-24-IMN-40-scaled-1-scaled.jpg\" \n                         alt=\"\"\n                         loading=\"eager\"\n                         decoding=\"async\">\n                <\/div>\n                                                <div class=\"slider-item slider-item-image\">\n                    <img src=\"https:\/\/bellarena.ch\/wp-content\/uploads\/2025\/12\/2024-05-24-IMN-3-scaled-1-scaled.jpg\" \n                         alt=\"\"\n                         loading=\"eager\"\n                         decoding=\"async\">\n                <\/div>\n                                                <div class=\"slider-item slider-item-image\">\n                    <img src=\"https:\/\/bellarena.ch\/wp-content\/uploads\/2025\/12\/0079_stemutz_photo_bellarena_soiree_francaise_2400px-7I3A8578.jpg\" \n                         alt=\"\"\n                         loading=\"eager\"\n                         decoding=\"async\">\n                <\/div>\n                                                <div class=\"slider-item slider-item-image\">\n                    <img src=\"https:\/\/bellarena.ch\/wp-content\/uploads\/2025\/12\/0048_stemutz_photo_bellarena_events_gadelmaleh_2400px-7I3A5634-Pano.jpg\" \n                         alt=\"\"\n                         loading=\"eager\"\n                         decoding=\"async\">\n                <\/div>\n                            \n        <!-- S\u00e9rie 2 : Duplication pour loop infini -->\n                                    <div class=\"slider-item slider-item-image\">\n                    <img src=\"https:\/\/bellarena.ch\/wp-content\/uploads\/2025\/12\/2024-05-24-IMN-56-scaled-1-scaled.jpg\" \n                         alt=\"\"\n                         loading=\"eager\"\n                         decoding=\"async\">\n                <\/div>\n                                                <div class=\"slider-item slider-item-image\">\n                    <img src=\"https:\/\/bellarena.ch\/wp-content\/uploads\/2025\/12\/2024-05-24-IMN-87-scaled-1-scaled.jpg\" \n                         alt=\"\"\n                         loading=\"eager\"\n                         decoding=\"async\">\n                <\/div>\n                                                <div class=\"slider-item slider-item-image\">\n                    <img src=\"https:\/\/bellarena.ch\/wp-content\/uploads\/2025\/12\/0033_stemutz_photo_bellarena_soiree_francaise_2400px-7I3A6986.jpg\" \n                         alt=\"\"\n                         loading=\"eager\"\n                         decoding=\"async\">\n                <\/div>\n                                                <div class=\"slider-item slider-item-image\">\n                    <img src=\"https:\/\/bellarena.ch\/wp-content\/uploads\/2025\/12\/stemutz_photo_bellarena_events_la_notte_italiana_3600px-026A2657-scaled.jpg\" \n                         alt=\"\"\n                         loading=\"eager\"\n                         decoding=\"async\">\n                <\/div>\n                                                <div class=\"slider-item slider-item-image\">\n                    <img src=\"https:\/\/bellarena.ch\/wp-content\/uploads\/2025\/12\/stemutz_photo_bellarena_events_annees_80_90_3600px-026A0765-scaled.jpg\" \n                         alt=\"\"\n                         loading=\"eager\"\n                         decoding=\"async\">\n                <\/div>\n                                                <div class=\"slider-item slider-item-image\">\n                    <img src=\"https:\/\/bellarena.ch\/wp-content\/uploads\/2025\/12\/stemutz_photo_bellarena_events_gad_elmaleh_high-026A4104-scaled.jpg\" \n                         alt=\"\"\n                         loading=\"eager\"\n                         decoding=\"async\">\n                <\/div>\n                                                <div class=\"slider-item slider-item-image\">\n                    <img src=\"https:\/\/bellarena.ch\/wp-content\/uploads\/2025\/12\/stemutz_photo_bellarena_events_electro_2400px-7I3A2600.jpg\" \n                         alt=\"\"\n                         loading=\"eager\"\n                         decoding=\"async\">\n                <\/div>\n                                                <div class=\"slider-item slider-item-image\">\n                    <img src=\"https:\/\/bellarena.ch\/wp-content\/uploads\/2025\/12\/stemutz_photo_bellarena_events_electro_2400px-7I3A0919.jpg\" \n                         alt=\"\"\n                         loading=\"eager\"\n                         decoding=\"async\">\n                <\/div>\n                                                <div class=\"slider-item slider-item-image\">\n                    <img src=\"https:\/\/bellarena.ch\/wp-content\/uploads\/2025\/12\/stemutz_photo_bellarena_events_annees_80_90_3600px-026A0064-scaled.jpg\" \n                         alt=\"\"\n                         loading=\"eager\"\n                         decoding=\"async\">\n                <\/div>\n                                                <div class=\"slider-item slider-item-image\">\n                    <img src=\"https:\/\/bellarena.ch\/wp-content\/uploads\/2025\/12\/2024-05-24-IMN-84-scaled-1-scaled.jpg\" \n                         alt=\"\"\n                         loading=\"eager\"\n                         decoding=\"async\">\n                <\/div>\n                                                <div class=\"slider-item slider-item-image\">\n                    <img src=\"https:\/\/bellarena.ch\/wp-content\/uploads\/2025\/12\/2024-05-24-IMN-40-scaled-1-scaled.jpg\" \n                         alt=\"\"\n                         loading=\"eager\"\n                         decoding=\"async\">\n                <\/div>\n                                                <div class=\"slider-item slider-item-image\">\n                    <img src=\"https:\/\/bellarena.ch\/wp-content\/uploads\/2025\/12\/2024-05-24-IMN-3-scaled-1-scaled.jpg\" \n                         alt=\"\"\n                         loading=\"eager\"\n                         decoding=\"async\">\n                <\/div>\n                                                <div class=\"slider-item slider-item-image\">\n                    <img src=\"https:\/\/bellarena.ch\/wp-content\/uploads\/2025\/12\/0079_stemutz_photo_bellarena_soiree_francaise_2400px-7I3A8578.jpg\" \n                         alt=\"\"\n                         loading=\"eager\"\n                         decoding=\"async\">\n                <\/div>\n                                                <div class=\"slider-item slider-item-image\">\n                    <img src=\"https:\/\/bellarena.ch\/wp-content\/uploads\/2025\/12\/0048_stemutz_photo_bellarena_events_gadelmaleh_2400px-7I3A5634-Pano.jpg\" \n                         alt=\"\"\n                         loading=\"eager\"\n                         decoding=\"async\">\n                <\/div>\n                        <\/div>\n<\/div>\n","protected":false},"excerpt":{"rendered":"<p>BellarenaIndoor Festival Bellarena Indoor Festival \u2013 Die Show im Herzen von Freiburg Konzipiert und produziert von Art Music Production SA, revolutioniert das Festival die Freiburger Musikszene mit einem einzigartigen Konzept: Grossartige Shows in einer modernen, komfortablen und gut zug\u00e4nglichen Indoor-Location. Dank der bestehenden Infrastruktur der BCF Arena und einer optimierten Organisation setzt das Festival auf &#8230; <a title=\"Bellarena Indoor Festival\" class=\"read-more\" href=\"https:\/\/bellarena.ch\/de\/bellarena-indoor-festival-2\/\" aria-label=\"Mehr Informationen \u00fcber Bellarena Indoor Festival\">Weiterlesen<\/a><\/p>\n","protected":false},"author":1,"featured_media":0,"parent":0,"menu_order":0,"comment_status":"closed","ping_status":"closed","template":"","meta":{"_acf_changed":false,"inline_featured_image":false,"footnotes":""},"class_list":["post-726","page","type-page","status-publish"],"acf":[],"_links":{"self":[{"href":"https:\/\/bellarena.ch\/de\/wp-json\/wp\/v2\/pages\/726","targetHints":{"allow":["GET"]}}],"collection":[{"href":"https:\/\/bellarena.ch\/de\/wp-json\/wp\/v2\/pages"}],"about":[{"href":"https:\/\/bellarena.ch\/de\/wp-json\/wp\/v2\/types\/page"}],"author":[{"embeddable":true,"href":"https:\/\/bellarena.ch\/de\/wp-json\/wp\/v2\/users\/1"}],"replies":[{"embeddable":true,"href":"https:\/\/bellarena.ch\/de\/wp-json\/wp\/v2\/comments?post=726"}],"version-history":[{"count":1,"href":"https:\/\/bellarena.ch\/de\/wp-json\/wp\/v2\/pages\/726\/revisions"}],"predecessor-version":[{"id":727,"href":"https:\/\/bellarena.ch\/de\/wp-json\/wp\/v2\/pages\/726\/revisions\/727"}],"wp:attachment":[{"href":"https:\/\/bellarena.ch\/de\/wp-json\/wp\/v2\/media?parent=726"}],"curies":[{"name":"wp","href":"https:\/\/api.w.org\/{rel}","templated":true}]}}